{"id":1973,"date":"2022-10-31T17:46:01","date_gmt":"2022-10-31T17:46:01","guid":{"rendered":"https:\/\/mgc-transitarios.com\/?page_id=1973"},"modified":"2022-10-31T20:07:22","modified_gmt":"2022-10-31T20:07:22","slug":"informacao-util","status":"publish","type":"page","link":"https:\/\/mgc-transitarios.com\/en_gb\/informacao-util\/","title":{"rendered":"Useful information"},"content":{"rendered":"<div class=\"vc_row wpb_row vc_row-fluid\"><div class=\"wpb_column vc_column_container vc_col-sm-12\"><div class=\"vc_column-inner\"><div class=\"wpb_wrapper\"><div class=\"vc_tta-container\" data-vc-action=\"collapse\"><div class=\"vc_general vc_tta vc_tta-tabs vc_tta-color-grey vc_tta-style-classic vc_tta-shape-rounded vc_tta-spacing-1 vc_tta-tabs-position-top vc_tta-controls-align-left\"><div class=\"vc_tta-tabs-container\"><ul class=\"vc_tta-tabs-list\"><li class=\"vc_tta-tab vc_active\" data-vc-tab><a href=\"#1659256670129-b10a0e16-a76d\" data-vc-tabs data-vc-container=\".vc_tta\"><span class=\"vc_tta-title-text\">Sea Freight Containers<\/span><\/a><\/li><li class=\"vc_tta-tab\" data-vc-tab><a href=\"#1659256670145-fd329c44-c962\" data-vc-tabs data-vc-container=\".vc_tta\"><span class=\"vc_tta-title-text\">Air Freight Containers<\/span><\/a><\/li><\/ul><\/div><div class=\"vc_tta-panels-container\"><div class=\"vc_tta-panels\"><div class=\"vc_tta-panel vc_active\" id=\"1659256670129-b10a0e16-a76d\" data-vc-content=\".vc_tta-panel-body\"><div class=\"vc_tta-panel-heading\"><h4 class=\"vc_tta-panel-title\"><a href=\"#1659256670129-b10a0e16-a76d\" data-vc-accordion data-vc-container=\".vc_tta-container\"><span class=\"vc_tta-title-text\">Sea Freight Containers<\/span><\/a><\/h4><\/div><div class=\"vc_tta-panel-body\">\n\t<div  class=\"wpb_single_image wpb_content_element vc_align_left  wpb_animate_when_almost_visible wpb_fadeInUp fadeInUp\">\n\t\t\n\t\t<figure class=\"wpb_wrapper vc_figure\">\n\t\t\t<div class=\"vc_single_image-wrapper   vc_box_border_grey\"><img loading=\"lazy\" decoding=\"async\" width=\"1427\" height=\"832\" src=\"https:\/\/mgc-transitarios.com\/wp-content\/uploads\/2022\/09\/new_sea-freight.png\" class=\"vc_single_image-img attachment-full\" alt=\"Contentores transporte mar\u00edtimo\" srcset=\"https:\/\/mgc-transitarios.com\/wp-content\/uploads\/2022\/09\/new_sea-freight.png 1427w, https:\/\/mgc-transitarios.com\/wp-content\/uploads\/2022\/09\/new_sea-freight-300x175.png 300w, https:\/\/mgc-transitarios.com\/wp-content\/uploads\/2022\/09\/new_sea-freight-1024x597.png 1024w, https:\/\/mgc-transitarios.com\/wp-content\/uploads\/2022\/09\/new_sea-freight-768x448.png 768w, https:\/\/mgc-transitarios.com\/wp-content\/uploads\/2022\/09\/new_sea-freight-18x10.png 18w\" sizes=\"auto, (max-width: 1427px) 100vw, 1427px\" \/><\/div>\n\t\t<\/figure>\n\t<\/div>\n<\/div><\/div><div class=\"vc_tta-panel\" id=\"1659256670145-fd329c44-c962\" data-vc-content=\".vc_tta-panel-body\"><div class=\"vc_tta-panel-heading\"><h4 class=\"vc_tta-panel-title\"><a href=\"#1659256670145-fd329c44-c962\" data-vc-accordion data-vc-container=\".vc_tta-container\"><span class=\"vc_tta-title-text\">Air Freight Containers<\/span><\/a><\/h4><\/div><div class=\"vc_tta-panel-body\">\n\t<div  class=\"wpb_single_image wpb_content_element vc_align_left  wpb_animate_when_almost_visible wpb_fadeInUp fadeInUp\">\n\t\t\n\t\t<figure class=\"wpb_wrapper vc_figure\">\n\t\t\t<div class=\"vc_single_image-wrapper   vc_box_border_grey\"><img loading=\"lazy\" decoding=\"async\" width=\"1467\" height=\"833\" src=\"https:\/\/mgc-transitarios.com\/wp-content\/uploads\/2022\/07\/air-freight.png\" class=\"vc_single_image-img attachment-full\" alt=\"Contentores transporte a\u00e9reo\" srcset=\"https:\/\/mgc-transitarios.com\/wp-content\/uploads\/2022\/07\/air-freight.png 1467w, https:\/\/mgc-transitarios.com\/wp-content\/uploads\/2022\/07\/air-freight-300x170.png 300w, https:\/\/mgc-transitarios.com\/wp-content\/uploads\/2022\/07\/air-freight-1024x581.png 1024w, https:\/\/mgc-transitarios.com\/wp-content\/uploads\/2022\/07\/air-freight-768x436.png 768w, https:\/\/mgc-transitarios.com\/wp-content\/uploads\/2022\/07\/air-freight-18x10.png 18w\" sizes=\"auto, (max-width: 1467px) 100vw, 1467px\" \/><\/div>\n\t\t<\/figure>\n\t<\/div>\n<\/div><\/div><\/div><\/div><\/div><\/div><\/div><\/div><\/div><\/div><div class=\"vc_row wpb_row vc_row-fluid vc_custom_1659257968352\"><div class=\"wpb_column vc_column_container vc_col-sm-12\"><div class=\"vc_column-inner\"><div class=\"wpb_wrapper\">\n\t<div  class=\"wpb_single_image wpb_content_element vc_align_left\">\n\t\t\n\t\t<figure class=\"wpb_wrapper vc_figure\">\n\t\t\t<div class=\"vc_single_image-wrapper   vc_box_border_grey\"><img loading=\"lazy\" decoding=\"async\" width=\"1612\" height=\"1113\" src=\"https:\/\/mgc-transitarios.com\/wp-content\/uploads\/2022\/07\/incoterms2020.png\" class=\"vc_single_image-img attachment-full\" alt=\"Incoterms\" srcset=\"https:\/\/mgc-transitarios.com\/wp-content\/uploads\/2022\/07\/incoterms2020.png 1612w, https:\/\/mgc-transitarios.com\/wp-content\/uploads\/2022\/07\/incoterms2020-300x207.png 300w, https:\/\/mgc-transitarios.com\/wp-content\/uploads\/2022\/07\/incoterms2020-1024x707.png 1024w, https:\/\/mgc-transitarios.com\/wp-content\/uploads\/2022\/07\/incoterms2020-768x530.png 768w, https:\/\/mgc-transitarios.com\/wp-content\/uploads\/2022\/07\/incoterms2020-1536x1061.png 1536w, https:\/\/mgc-transitarios.com\/wp-content\/uploads\/2022\/07\/incoterms2020-18x12.png 18w\" sizes=\"auto, (max-width: 1612px) 100vw, 1612px\" \/><\/div>\n\t\t<\/figure>\n\t<\/div>\n<\/div><\/div><\/div><\/div><div data-vc-full-width=\"true\" data-vc-full-width-init=\"false\" class=\"vc_row wpb_row vc_row-fluid secondary_bg_color vc_custom_1447734480631\"><div class=\"wpb_column vc_column_container vc_col-sm-12\"><div class=\"vc_column-inner\"><div class=\"wpb_wrapper\"><section class=\"vc_cta3-container\"><div class=\"vc_general vc_cta3 secondary_bg_color vc_cta3-style-classic vc_cta3-shape-square vc_cta3-align-left vc_cta3-color-classic vc_cta3-icon-size-md vc_cta3-actions-right\"><div class=\"vc_cta3_content-container\"><div class=\"vc_cta3-content\"><header class=\"vc_cta3-content-header\"><h2>Not sure which solution fits your business needs?<\/h2><\/header><\/div><div class=\"vc_cta3-actions\"><div class=\"vc_btn3-container vc_btn3-inline\" ><a class=\"vc_general vc_btn3 vc_btn3-size-md vc_btn3-shape-round vc_btn3-style-outline vc_btn3-icon-right vc_btn3-color-white\" href=\"https:\/\/mgc-transitarios.com\/en_gb\/contacts\/\" title=\"Contacts\">Contact now <i class=\"vc_btn3-icon stm-arrow-next\"><\/i><\/a><\/div><\/div><\/div><\/div><\/section><\/div><\/div><\/div><\/div><div class=\"vc_row-full-width\"><\/div>","protected":false},"excerpt":{"rendered":"Contentores Transporte Mar\u00edtimoContentores Transporte \u00c1ereoContentores Transporte Mar\u00edtimo Contentores Transporte \u00c1ereo N\u00e3o sabe qual a solu\u00e7\u00e3o ideal?Contactar agora","protected":false},"author":1,"featured_media":0,"parent":0,"menu_order":0,"comment_status":"closed","ping_status":"closed","template":"","meta":{"_themeisle_gutenberg_block_has_review":false,"footnotes":""},"class_list":["post-1973","page","type-page","status-publish","hentry"],"yoast_head":"<!-- This site is optimized with the Yoast SEO plugin v19.10 - https:\/\/yoast.com\/wordpress\/plugins\/seo\/ -->\n<title>Informa\u00e7\u00e3o \u00datil - MGC<\/title>\n<meta name=\"robots\" content=\"index, follow, max-snippet:-1, max-image-preview:large, max-video-preview:-1\" \/>\n<link rel=\"canonical\" href=\"https:\/\/mgc-transitarios.com\/en_gb\/informacao-util\/\" \/>\n<meta property=\"og:locale\" content=\"en_GB\" \/>\n<meta property=\"og:type\" content=\"article\" \/>\n<meta property=\"og:title\" content=\"Informa\u00e7\u00e3o \u00datil - MGC\" \/>\n<meta property=\"og:url\" content=\"https:\/\/mgc-transitarios.com\/en_gb\/informacao-util\/\" \/>\n<meta property=\"og:site_name\" content=\"MGC\" \/>\n<meta property=\"article:modified_time\" content=\"2022-10-31T20:07:22+00:00\" \/>\n<meta name=\"twitter:card\" content=\"summary_large_image\" \/>\n<meta name=\"twitter:label1\" content=\"Estimated reading time\" \/>\n\t<meta name=\"twitter:data1\" content=\"1 minute\" \/>\n<script type=\"application\/ld+json\" class=\"yoast-schema-graph\">{\"@context\":\"https:\/\/schema.org\",\"@graph\":[{\"@type\":\"WebPage\",\"@id\":\"https:\/\/mgc-transitarios.com\/informacao-util\/\",\"url\":\"https:\/\/mgc-transitarios.com\/informacao-util\/\",\"name\":\"Informa\u00e7\u00e3o \u00datil - MGC\",\"isPartOf\":{\"@id\":\"https:\/\/mgc-transitarios.com\/#website\"},\"datePublished\":\"2022-10-31T17:46:01+00:00\",\"dateModified\":\"2022-10-31T20:07:22+00:00\",\"breadcrumb\":{\"@id\":\"https:\/\/mgc-transitarios.com\/informacao-util\/#breadcrumb\"},\"inLanguage\":\"en-GB\",\"potentialAction\":[{\"@type\":\"ReadAction\",\"target\":[\"https:\/\/mgc-transitarios.com\/informacao-util\/\"]}]},{\"@type\":\"BreadcrumbList\",\"@id\":\"https:\/\/mgc-transitarios.com\/informacao-util\/#breadcrumb\",\"itemListElement\":[{\"@type\":\"ListItem\",\"position\":1,\"name\":\"In\u00edcio\",\"item\":\"https:\/\/mgc-transitarios.com\/\"},{\"@type\":\"ListItem\",\"position\":2,\"name\":\"Informa\u00e7\u00e3o \u00datil\"}]},{\"@type\":\"WebSite\",\"@id\":\"https:\/\/mgc-transitarios.com\/#website\",\"url\":\"https:\/\/mgc-transitarios.com\/\",\"name\":\"MGC Transit\u00e1rios\",\"description\":\"Transit\u00e1rios\",\"publisher\":{\"@id\":\"https:\/\/mgc-transitarios.com\/#organization\"},\"potentialAction\":[{\"@type\":\"SearchAction\",\"target\":{\"@type\":\"EntryPoint\",\"urlTemplate\":\"https:\/\/mgc-transitarios.com\/?s={search_term_string}\"},\"query-input\":\"required name=search_term_string\"}],\"inLanguage\":\"en-GB\"},{\"@type\":\"Organization\",\"@id\":\"https:\/\/mgc-transitarios.com\/#organization\",\"name\":\"MGC Transit\u00e1rios\",\"url\":\"https:\/\/mgc-transitarios.com\/\",\"logo\":{\"@type\":\"ImageObject\",\"inLanguage\":\"en-GB\",\"@id\":\"https:\/\/mgc-transitarios.com\/#\/schema\/logo\/image\/\",\"url\":\"https:\/\/mgc-transitarios.com\/wp-content\/uploads\/2022\/09\/logo.png\",\"contentUrl\":\"https:\/\/mgc-transitarios.com\/wp-content\/uploads\/2022\/09\/logo.png\",\"width\":2001,\"height\":595,\"caption\":\"MGC Transit\u00e1rios\"},\"image\":{\"@id\":\"https:\/\/mgc-transitarios.com\/#\/schema\/logo\/image\/\"},\"sameAs\":[\"https:\/\/www.linkedin.com\/company\/mgc-transitrios\/\"]}]}<\/script>\n<!-- \/ Yoast SEO plugin. -->","yoast_head_json":{"title":"Informa\u00e7\u00e3o \u00datil - MGC","robots":{"index":"index","follow":"follow","max-snippet":"max-snippet:-1","max-image-preview":"max-image-preview:large","max-video-preview":"max-video-preview:-1"},"canonical":"https:\/\/mgc-transitarios.com\/en_gb\/informacao-util\/","og_locale":"en_GB","og_type":"article","og_title":"Informa\u00e7\u00e3o \u00datil - MGC","og_url":"https:\/\/mgc-transitarios.com\/en_gb\/informacao-util\/","og_site_name":"MGC","article_modified_time":"2022-10-31T20:07:22+00:00","twitter_card":"summary_large_image","twitter_misc":{"Estimated reading time":"1 minute"},"schema":{"@context":"https:\/\/schema.org","@graph":[{"@type":"WebPage","@id":"https:\/\/mgc-transitarios.com\/informacao-util\/","url":"https:\/\/mgc-transitarios.com\/informacao-util\/","name":"Informa\u00e7\u00e3o \u00datil - MGC","isPartOf":{"@id":"https:\/\/mgc-transitarios.com\/#website"},"datePublished":"2022-10-31T17:46:01+00:00","dateModified":"2022-10-31T20:07:22+00:00","breadcrumb":{"@id":"https:\/\/mgc-transitarios.com\/informacao-util\/#breadcrumb"},"inLanguage":"en-GB","potentialAction":[{"@type":"ReadAction","target":["https:\/\/mgc-transitarios.com\/informacao-util\/"]}]},{"@type":"BreadcrumbList","@id":"https:\/\/mgc-transitarios.com\/informacao-util\/#breadcrumb","itemListElement":[{"@type":"ListItem","position":1,"name":"In\u00edcio","item":"https:\/\/mgc-transitarios.com\/"},{"@type":"ListItem","position":2,"name":"Informa\u00e7\u00e3o \u00datil"}]},{"@type":"WebSite","@id":"https:\/\/mgc-transitarios.com\/#website","url":"https:\/\/mgc-transitarios.com\/","name":"MGC Transit\u00e1rios","description":"Transit\u00e1rios","publisher":{"@id":"https:\/\/mgc-transitarios.com\/#organization"},"potentialAction":[{"@type":"SearchAction","target":{"@type":"EntryPoint","urlTemplate":"https:\/\/mgc-transitarios.com\/?s={search_term_string}"},"query-input":"required name=search_term_string"}],"inLanguage":"en-GB"},{"@type":"Organization","@id":"https:\/\/mgc-transitarios.com\/#organization","name":"MGC Transit\u00e1rios","url":"https:\/\/mgc-transitarios.com\/","logo":{"@type":"ImageObject","inLanguage":"en-GB","@id":"https:\/\/mgc-transitarios.com\/#\/schema\/logo\/image\/","url":"https:\/\/mgc-transitarios.com\/wp-content\/uploads\/2022\/09\/logo.png","contentUrl":"https:\/\/mgc-transitarios.com\/wp-content\/uploads\/2022\/09\/logo.png","width":2001,"height":595,"caption":"MGC Transit\u00e1rios"},"image":{"@id":"https:\/\/mgc-transitarios.com\/#\/schema\/logo\/image\/"},"sameAs":["https:\/\/www.linkedin.com\/company\/mgc-transitrios\/"]}]}},"_links":{"self":[{"href":"https:\/\/mgc-transitarios.com\/en_gb\/wp-json\/wp\/v2\/pages\/1973","targetHints":{"allow":["GET"]}}],"collection":[{"href":"https:\/\/mgc-transitarios.com\/en_gb\/wp-json\/wp\/v2\/pages"}],"about":[{"href":"https:\/\/mgc-transitarios.com\/en_gb\/wp-json\/wp\/v2\/types\/page"}],"author":[{"embeddable":true,"href":"https:\/\/mgc-transitarios.com\/en_gb\/wp-json\/wp\/v2\/users\/1"}],"replies":[{"embeddable":true,"href":"https:\/\/mgc-transitarios.com\/en_gb\/wp-json\/wp\/v2\/comments?post=1973"}],"version-history":[{"count":3,"href":"https:\/\/mgc-transitarios.com\/en_gb\/wp-json\/wp\/v2\/pages\/1973\/revisions"}],"predecessor-version":[{"id":1996,"href":"https:\/\/mgc-transitarios.com\/en_gb\/wp-json\/wp\/v2\/pages\/1973\/revisions\/1996"}],"wp:attachment":[{"href":"https:\/\/mgc-transitarios.com\/en_gb\/wp-json\/wp\/v2\/media?parent=1973"}],"curies":[{"name":"wp","href":"https:\/\/api.w.org\/{rel}","templated":true}]}}