{"id":1969,"date":"2022-10-31T17:45:45","date_gmt":"2022-10-31T17:45:45","guid":{"rendered":"https:\/\/mgc-transitarios.com\/?page_id=1969"},"modified":"2022-10-31T20:11:16","modified_gmt":"2022-10-31T20:11:16","slug":"contactos","status":"publish","type":"page","link":"https:\/\/mgc-transitarios.com\/en_gb\/contactos\/","title":{"rendered":"Contacts"},"content":{"rendered":"<div class=\"vc_row wpb_row vc_row-fluid vc_custom_1449207080478\"><div class=\"wpb_column vc_column_container vc_col-sm-12 vc_col-lg-4 vc_col-md-4\"><div class=\"vc_column-inner vc_custom_1449207085340\"><div class=\"wpb_wrapper\">\n\t<div class=\"wpb_text_column wpb_content_element\" >\n\t\t<div class=\"wpb_wrapper\">\n\t\t\t<h2>GET IN TOUCH<\/h2>\n\n\t\t<\/div>\n\t<\/div>\n<\/div><\/div><\/div><div class=\"wpb_column vc_column_container vc_col-sm-12 vc_col-lg-8 vc_col-md-8\"><div class=\"vc_column-inner vc_custom_1449207088828\"><div class=\"wpb_wrapper\"><div role=\"form\" class=\"wpcf7\" id=\"wpcf7-f1980-o1\" lang=\"en-US\" dir=\"ltr\">\n<div class=\"screen-reader-response\"><p role=\"status\" aria-live=\"polite\" aria-atomic=\"true\"><\/p> <ul><\/ul><\/div>\n<form action=\"\/en_gb\/wp-json\/wp\/v2\/pages\/1969#wpcf7-f1980-o1\" method=\"post\" class=\"wpcf7-form init\" novalidate=\"novalidate\" data-status=\"init\" data-trp-original-action=\"\/en_gb\/wp-json\/wp\/v2\/pages\/1969#wpcf7-f1980-o1\">\n<div style=\"display: none;\">\n<input type=\"hidden\" name=\"_wpcf7\" value=\"1980\" \/>\n<input type=\"hidden\" name=\"_wpcf7_version\" value=\"5.6.4\" \/>\n<input type=\"hidden\" name=\"_wpcf7_locale\" value=\"en_US\" \/>\n<input type=\"hidden\" name=\"_wpcf7_unit_tag\" value=\"wpcf7-f1980-o1\" \/>\n<input type=\"hidden\" name=\"_wpcf7_container_post\" value=\"0\" \/>\n<input type=\"hidden\" name=\"_wpcf7_posted_data_hash\" value=\"\" \/>\n<\/div>\n<div class=\"contact_form\">\n<div class=\"row\">\n<div class=\"col-lg-6 col-md-6 col-sm-12 col-xs-12\">\n<div class=\"input-group\">\n<span class=\"wpcf7-form-control-wrap\" data-name=\"nome\"><input type=\"text\" name=\"nome\" value=\"\" size=\"40\" class=\"wpcf7-form-control wpcf7-text wpcf7-validates-as-required\" aria-required=\"true\" aria-invalid=\"false\" placeholder=\"Name *\" \/><\/span>\n<\/div>\n<div class=\"input-group\">\n<span class=\"wpcf7-form-control-wrap\" data-name=\"email\"><input type=\"email\" name=\"email\" value=\"\" size=\"40\" class=\"wpcf7-form-control wpcf7-text wpcf7-email wpcf7-validates-as-required wpcf7-validates-as-email\" aria-required=\"true\" aria-invalid=\"false\" placeholder=\"Email *\" \/><\/span>\n<\/div>\n<\/div>\n<div class=\"col-lg-6 col-md-6 col-sm-12 col-xs-12\">\n<span class=\"wpcf7-form-control-wrap\" data-name=\"message\"><textarea name=\"message\" cols=\"40\" rows=\"10\" class=\"wpcf7-form-control wpcf7-textarea wpcf7-validates-as-required\" aria-required=\"true\" aria-invalid=\"false\" placeholder=\"Message *\"><\/textarea><\/span>\n<\/div>\n<\/div>\n<div class=\"row\">\n<div class=\"col-lg-6 col-md-6 col-sm-12 col-xs-12\">\n<div class=\"input-group\">\n<span class=\"wpcf7-form-control-wrap\" data-name=\"acceptance-103\"><span class=\"wpcf7-form-control wpcf7-acceptance\"><span class=\"wpcf7-list-item\"><label><input type=\"checkbox\" name=\"acceptance-103\" value=\"1\" aria-invalid=\"false\" \/><span class=\"wpcf7-list-item-label\"><a href=\"https:\/\/mgc-transitarios.com\/en_gb\/politica-privacidade\/\" target=\"_blank\">I have read and accept the privacy policy<\/a><\/span><\/label><\/span><\/span><\/span>\n<\/div>\n<\/div>\n<div class=\"col-lg-6 col-md-6 col-sm-12 col-xs-12 text-right\">\n<div class=\"input-group\">\n<button class=\"button icon_right size-sm theme-wpcf7-submit\">Submit<i class=\"stm-arrow-next\"><\/i><\/button>\n<\/div>\n<\/div>\n<\/div>\n<\/div>\n<div class=\"wpcf7-response-output\" aria-hidden=\"true\"><\/div><input type=\"hidden\" name=\"trp-form-language\" value=\"en_gb\"\/><\/form><\/div><\/div><\/div><\/div><\/div><div data-vc-full-width=\"true\" data-vc-full-width-init=\"false\" data-vc-stretch-content=\"true\" class=\"vc_row wpb_row vc_row-fluid\"><div class=\"wpb_column vc_column_container vc_col-sm-12\"><div class=\"vc_column-inner\"><div class=\"wpb_wrapper\">\n\t<div class=\"wpb_text_column wpb_content_element\" >\n\t\t<div class=\"wpb_wrapper\">\n\t\t\t<p><iframe loading=\"lazy\" style=\"border: 0;\" src=\"https:\/\/www.google.com\/maps\/embed?pb=!1m18!1m12!1m3!1d3007.5770470143243!2d-8.612220685114671!3d41.07823702306665!2m3!1f0!2f0!3f0!3m2!1i1024!2i768!4f13.1!3m3!1m2!1s0xd247ba973db574b%3A0x7cc5e01cdcd4a765!2sMGC%20Transit%C3%A1rios!5e0!3m2!1spt-PT!2spt!4v1651306358135!5m2!1spt-PT!2spt\" width=\"100%\" height=\"450\" allowfullscreen=\"allowfullscreen\"><\/iframe><\/p>\n\n\t\t<\/div>\n\t<\/div>\n<\/div><\/div><\/div><\/div><div class=\"vc_row-full-width\"><\/div>","protected":false},"excerpt":{"rendered":"CONTACTE-NOS Li e aceito a Pol\u00edtica de Privacidade Enviar","protected":false},"author":1,"featured_media":0,"parent":0,"menu_order":0,"comment_status":"closed","ping_status":"closed","template":"","meta":{"_themeisle_gutenberg_block_has_review":false,"footnotes":""},"class_list":["post-1969","page","type-page","status-publish","hentry"],"yoast_head":"<!-- This site is optimized with the Yoast SEO plugin v19.10 - https:\/\/yoast.com\/wordpress\/plugins\/seo\/ -->\n<title>Contactos - MGC<\/title>\n<meta name=\"description\" content=\"Contactos da MG Transit\u00e1rios. Pode contactar-nos por telefone ou por email, ou se preferir, poder\u00e1 deslocar-se \u00e0s nossas instala\u00e7\u00f5es.\" \/>\n<meta name=\"robots\" content=\"index, follow, max-snippet:-1, max-image-preview:large, max-video-preview:-1\" \/>\n<link rel=\"canonical\" href=\"https:\/\/mgc-transitarios.com\/en_gb\/contactos\/\" \/>\n<meta property=\"og:locale\" content=\"en_GB\" \/>\n<meta property=\"og:type\" content=\"article\" \/>\n<meta property=\"og:title\" content=\"Contactos - MGC\" \/>\n<meta property=\"og:description\" content=\"Contactos da MG Transit\u00e1rios. Pode contactar-nos por telefone ou por email, ou se preferir, poder\u00e1 deslocar-se \u00e0s nossas instala\u00e7\u00f5es.\" \/>\n<meta property=\"og:url\" content=\"https:\/\/mgc-transitarios.com\/en_gb\/contactos\/\" \/>\n<meta property=\"og:site_name\" content=\"MGC\" \/>\n<meta property=\"article:modified_time\" content=\"2022-10-31T20:11:16+00:00\" \/>\n<meta name=\"twitter:card\" content=\"summary_large_image\" \/>\n<meta name=\"twitter:label1\" content=\"Estimated reading time\" \/>\n\t<meta name=\"twitter:data1\" content=\"1 minute\" \/>\n<script type=\"application\/ld+json\" class=\"yoast-schema-graph\">{\"@context\":\"https:\/\/schema.org\",\"@graph\":[{\"@type\":\"WebPage\",\"@id\":\"https:\/\/mgc-transitarios.com\/contactos\/\",\"url\":\"https:\/\/mgc-transitarios.com\/contactos\/\",\"name\":\"Contactos - MGC\",\"isPartOf\":{\"@id\":\"https:\/\/mgc-transitarios.com\/#website\"},\"datePublished\":\"2022-10-31T17:45:45+00:00\",\"dateModified\":\"2022-10-31T20:11:16+00:00\",\"description\":\"Contactos da MG Transit\u00e1rios. Pode contactar-nos por telefone ou por email, ou se preferir, poder\u00e1 deslocar-se \u00e0s nossas instala\u00e7\u00f5es.\",\"breadcrumb\":{\"@id\":\"https:\/\/mgc-transitarios.com\/contactos\/#breadcrumb\"},\"inLanguage\":\"en-GB\",\"potentialAction\":[{\"@type\":\"ReadAction\",\"target\":[\"https:\/\/mgc-transitarios.com\/contactos\/\"]}]},{\"@type\":\"BreadcrumbList\",\"@id\":\"https:\/\/mgc-transitarios.com\/contactos\/#breadcrumb\",\"itemListElement\":[{\"@type\":\"ListItem\",\"position\":1,\"name\":\"In\u00edcio\",\"item\":\"https:\/\/mgc-transitarios.com\/\"},{\"@type\":\"ListItem\",\"position\":2,\"name\":\"Contactos\"}]},{\"@type\":\"WebSite\",\"@id\":\"https:\/\/mgc-transitarios.com\/#website\",\"url\":\"https:\/\/mgc-transitarios.com\/\",\"name\":\"MGC Transit\u00e1rios\",\"description\":\"Transit\u00e1rios\",\"publisher\":{\"@id\":\"https:\/\/mgc-transitarios.com\/#organization\"},\"potentialAction\":[{\"@type\":\"SearchAction\",\"target\":{\"@type\":\"EntryPoint\",\"urlTemplate\":\"https:\/\/mgc-transitarios.com\/?s={search_term_string}\"},\"query-input\":\"required name=search_term_string\"}],\"inLanguage\":\"en-GB\"},{\"@type\":\"Organization\",\"@id\":\"https:\/\/mgc-transitarios.com\/#organization\",\"name\":\"MGC Transit\u00e1rios\",\"url\":\"https:\/\/mgc-transitarios.com\/\",\"logo\":{\"@type\":\"ImageObject\",\"inLanguage\":\"en-GB\",\"@id\":\"https:\/\/mgc-transitarios.com\/#\/schema\/logo\/image\/\",\"url\":\"https:\/\/mgc-transitarios.com\/wp-content\/uploads\/2022\/09\/logo.png\",\"contentUrl\":\"https:\/\/mgc-transitarios.com\/wp-content\/uploads\/2022\/09\/logo.png\",\"width\":2001,\"height\":595,\"caption\":\"MGC Transit\u00e1rios\"},\"image\":{\"@id\":\"https:\/\/mgc-transitarios.com\/#\/schema\/logo\/image\/\"},\"sameAs\":[\"https:\/\/www.linkedin.com\/company\/mgc-transitrios\/\"]}]}<\/script>\n<!-- \/ Yoast SEO plugin. -->","yoast_head_json":{"title":"Contactos - MGC","description":"Contactos da MG Transit\u00e1rios. Pode contactar-nos por telefone ou por email, ou se preferir, poder\u00e1 deslocar-se \u00e0s nossas instala\u00e7\u00f5es.","robots":{"index":"index","follow":"follow","max-snippet":"max-snippet:-1","max-image-preview":"max-image-preview:large","max-video-preview":"max-video-preview:-1"},"canonical":"https:\/\/mgc-transitarios.com\/en_gb\/contactos\/","og_locale":"en_GB","og_type":"article","og_title":"Contactos - MGC","og_description":"Contactos da MG Transit\u00e1rios. Pode contactar-nos por telefone ou por email, ou se preferir, poder\u00e1 deslocar-se \u00e0s nossas instala\u00e7\u00f5es.","og_url":"https:\/\/mgc-transitarios.com\/en_gb\/contactos\/","og_site_name":"MGC","article_modified_time":"2022-10-31T20:11:16+00:00","twitter_card":"summary_large_image","twitter_misc":{"Estimated reading time":"1 minute"},"schema":{"@context":"https:\/\/schema.org","@graph":[{"@type":"WebPage","@id":"https:\/\/mgc-transitarios.com\/contactos\/","url":"https:\/\/mgc-transitarios.com\/contactos\/","name":"Contactos - MGC","isPartOf":{"@id":"https:\/\/mgc-transitarios.com\/#website"},"datePublished":"2022-10-31T17:45:45+00:00","dateModified":"2022-10-31T20:11:16+00:00","description":"Contactos da MG Transit\u00e1rios. Pode contactar-nos por telefone ou por email, ou se preferir, poder\u00e1 deslocar-se \u00e0s nossas instala\u00e7\u00f5es.","breadcrumb":{"@id":"https:\/\/mgc-transitarios.com\/contactos\/#breadcrumb"},"inLanguage":"en-GB","potentialAction":[{"@type":"ReadAction","target":["https:\/\/mgc-transitarios.com\/contactos\/"]}]},{"@type":"BreadcrumbList","@id":"https:\/\/mgc-transitarios.com\/contactos\/#breadcrumb","itemListElement":[{"@type":"ListItem","position":1,"name":"In\u00edcio","item":"https:\/\/mgc-transitarios.com\/"},{"@type":"ListItem","position":2,"name":"Contactos"}]},{"@type":"WebSite","@id":"https:\/\/mgc-transitarios.com\/#website","url":"https:\/\/mgc-transitarios.com\/","name":"MGC Transit\u00e1rios","description":"Transit\u00e1rios","publisher":{"@id":"https:\/\/mgc-transitarios.com\/#organization"},"potentialAction":[{"@type":"SearchAction","target":{"@type":"EntryPoint","urlTemplate":"https:\/\/mgc-transitarios.com\/?s={search_term_string}"},"query-input":"required name=search_term_string"}],"inLanguage":"en-GB"},{"@type":"Organization","@id":"https:\/\/mgc-transitarios.com\/#organization","name":"MGC Transit\u00e1rios","url":"https:\/\/mgc-transitarios.com\/","logo":{"@type":"ImageObject","inLanguage":"en-GB","@id":"https:\/\/mgc-transitarios.com\/#\/schema\/logo\/image\/","url":"https:\/\/mgc-transitarios.com\/wp-content\/uploads\/2022\/09\/logo.png","contentUrl":"https:\/\/mgc-transitarios.com\/wp-content\/uploads\/2022\/09\/logo.png","width":2001,"height":595,"caption":"MGC Transit\u00e1rios"},"image":{"@id":"https:\/\/mgc-transitarios.com\/#\/schema\/logo\/image\/"},"sameAs":["https:\/\/www.linkedin.com\/company\/mgc-transitrios\/"]}]}},"_links":{"self":[{"href":"https:\/\/mgc-transitarios.com\/en_gb\/wp-json\/wp\/v2\/pages\/1969","targetHints":{"allow":["GET"]}}],"collection":[{"href":"https:\/\/mgc-transitarios.com\/en_gb\/wp-json\/wp\/v2\/pages"}],"about":[{"href":"https:\/\/mgc-transitarios.com\/en_gb\/wp-json\/wp\/v2\/types\/page"}],"author":[{"embeddable":true,"href":"https:\/\/mgc-transitarios.com\/en_gb\/wp-json\/wp\/v2\/users\/1"}],"replies":[{"embeddable":true,"href":"https:\/\/mgc-transitarios.com\/en_gb\/wp-json\/wp\/v2\/comments?post=1969"}],"version-history":[{"count":3,"href":"https:\/\/mgc-transitarios.com\/en_gb\/wp-json\/wp\/v2\/pages\/1969\/revisions"}],"predecessor-version":[{"id":1997,"href":"https:\/\/mgc-transitarios.com\/en_gb\/wp-json\/wp\/v2\/pages\/1969\/revisions\/1997"}],"wp:attachment":[{"href":"https:\/\/mgc-transitarios.com\/en_gb\/wp-json\/wp\/v2\/media?parent=1969"}],"curies":[{"name":"wp","href":"https:\/\/api.w.org\/{rel}","templated":true}]}}